{"id":25039,"date":"2023-05-15T09:07:48","date_gmt":"2023-05-15T07:07:48","guid":{"rendered":"https:\/\/www.anchormc.se\/integrity-policy\/"},"modified":"2024-11-12T14:24:56","modified_gmt":"2024-11-12T13:24:56","slug":"integrity-policy","status":"publish","type":"page","link":"https:\/\/www.anchormc.se\/en\/integrity-policy\/","title":{"rendered":"Integrity policy"},"content":{"rendered":"\t\t<div data-elementor-type=\"wp-page\" data-elementor-id=\"25039\" class=\"elementor elementor-25039 elementor-24874\" data-elementor-post-type=\"page\">\n\t\t\t\t<div class=\"elementor-element elementor-element-b52e39b e-flex e-con-boxed e-con e-parent\" data-id=\"b52e39b\" data-element_type=\"container\" data-e-type=\"container\" data-settings=\"{&quot;background_background&quot;:&quot;classic&quot;}\">\n\t\t\t\t\t<div class=\"e-con-inner\">\n\t\t<div class=\"elementor-element elementor-element-dc08599 e-flex e-con-boxed e-con e-parent\" data-id=\"dc08599\" data-element_type=\"container\" data-e-type=\"container\" data-settings=\"{&quot;animation_tablet&quot;:&quot;fadeIn&quot;}\">\n\t\t\t\t\t<div class=\"e-con-inner\">\n\t\t\t\t<div class=\"elementor-element elementor-element-0466d0d elementor-widget elementor-widget-heading\" data-id=\"0466d0d\" data-element_type=\"widget\" data-e-type=\"widget\" data-widget_type=\"heading.default\">\n\t\t\t\t<div class=\"elementor-widget-container\">\n\t\t\t\t\t<h2 class=\"elementor-heading-title elementor-size-default\">Integrity policy<\/h2>\t\t\t\t<\/div>\n\t\t\t\t<\/div>\n\t\t\t\t\t<\/div>\n\t\t\t\t<\/div>\n\t\t\t\t\t<\/div>\n\t\t\t\t<\/div>\n\t\t<div class=\"elementor-element elementor-element-61dfccc e-flex e-con-boxed e-con e-parent\" data-id=\"61dfccc\" data-element_type=\"container\" data-e-type=\"container\" data-settings=\"{&quot;animation_tablet&quot;:&quot;fadeIn&quot;}\">\n\t\t\t\t\t<div class=\"e-con-inner\">\n\t\t\t\t<div class=\"elementor-element elementor-element-e9ffa43 elementor-position-top elementor-widget elementor-widget-image-box\" data-id=\"e9ffa43\" data-element_type=\"widget\" data-e-type=\"widget\" data-widget_type=\"image-box.default\">\n\t\t\t\t<div class=\"elementor-widget-container\">\n\t\t\t\t\t<div class=\"elementor-image-box-wrapper\"><figure class=\"elementor-image-box-img\"><img fetchpriority=\"high\" decoding=\"async\" width=\"300\" height=\"300\" src=\"https:\/\/www.anchormc.se\/wp-content\/uploads\/r500_bouy-1-300x300.png\" class=\"attachment-medium size-medium wp-image-24086\" alt=\"\" srcset=\"https:\/\/www.anchormc.se\/wp-content\/uploads\/r500_bouy-1-300x300.png 300w, https:\/\/www.anchormc.se\/wp-content\/uploads\/r500_bouy-1-150x150.png 150w, https:\/\/www.anchormc.se\/wp-content\/uploads\/r500_bouy-1.png 495w\" sizes=\"(max-width: 300px) 100vw, 300px\" \/><\/figure><div class=\"elementor-image-box-content\"><h3 class=\"elementor-image-box-title\">Processing of personal data<\/h3><p class=\"elementor-image-box-description\"><a href=\"https:\/\/www.anchormc.se\/integritetspolicy-anchor-management\/\" target=\"_blank\">Our integrity policy (Swedish text).<\/a><\/p><\/div><\/div>\t\t\t\t<\/div>\n\t\t\t\t<\/div>\n\t\t\t\t<div class=\"elementor-element elementor-element-8811d11 elementor-widget elementor-widget-shortcode\" data-id=\"8811d11\" data-element_type=\"widget\" data-e-type=\"widget\" data-widget_type=\"shortcode.default\">\n\t\t\t\t<div class=\"elementor-widget-container\">\n\t\t\t\t\t\t\t<div class=\"elementor-shortcode\"><p id=\"matomo_opted_out_intro\" style=\"display:none;\">Opt-out complete; your visits to this website will not be recorded by the Web Analytics tool. Note that if you clear your cookies, delete the opt-out cookie, or if you change computers or Web browsers, you will need to perform the opt-out procedure again.<\/p><p id=\"matomo_opted_in_intro\" >You may choose to prevent this website from aggregating and analyzing the actions you take here. Doing so will protect your privacy, but will also prevent the owner from learning from your actions and creating a better experience for you and other users.<\/p><form>\n        <input type=\"checkbox\" id=\"matomo_optout_checkbox\" checked=\"checked\"\/>\n        <label for=\"matomo_optout_checkbox\"><strong>\n        <span id=\"matomo_opted_in_label\" >You are not opted out. Uncheck this box to opt-out.<\/span>\n\t\t<span id=\"matomo_opted_out_label\" style=\"display:none;\">You are currently opted out. Check this box to opt-in.<\/span>\n        <\/strong><\/label><\/form><noscript><p><strong style=\"color: #ff0000;\">This opt out feature requires JavaScript.<\/strong><\/p><\/noscript><p id=\"matomo_outout_err_cookies\" style=\"display: none;\"><strong>The tracking opt-out feature requires cookies to be enabled.<\/strong><\/p><\/div>\n\t\t\t\t\t\t<\/div>\n\t\t\t\t<\/div>\n\t\t\t\t\t<\/div>\n\t\t\t\t<\/div>\n\t\t\t\t<\/div>\n\t\t","protected":false},"excerpt":{"rendered":"<p>You may choose to prevent this website from aggregating and analyzing the actions you take here.<\/p>\n","protected":false},"author":26,"featured_media":22250,"parent":0,"menu_order":0,"comment_status":"closed","ping_status":"closed","template":"","meta":{"_acf_changed":false,"footnotes":""},"class_list":["post-25039","page","type-page","status-publish","has-post-thumbnail","hentry"],"acf":[],"yoast_head":"<!-- This site is optimized with the Yoast SEO Premium plugin v27.5 (Yoast SEO v27.5) - https:\/\/yoast.com\/product\/yoast-seo-premium-wordpress\/ -->\n<title>Integrity policy | Anchor Management Consulting<\/title>\n<meta name=\"description\" content=\"You may choose to prevent this website from aggregating and analyzing the actions you take here.\" \/>\n<meta name=\"robots\" content=\"index, follow, max-snippet:-1, max-image-preview:large, max-video-preview:-1\" \/>\n<link rel=\"canonical\" href=\"https:\/\/www.anchormc.se\/en\/integrity-policy\/\" \/>\n<meta property=\"og:locale\" content=\"en_US\" \/>\n<meta property=\"og:type\" content=\"article\" \/>\n<meta property=\"og:title\" content=\"Integrity policy\" \/>\n<meta property=\"og:description\" content=\"You may choose to prevent this website from aggregating and analyzing the actions you take here.\" \/>\n<meta property=\"og:url\" content=\"https:\/\/www.anchormc.se\/en\/integrity-policy\/\" \/>\n<meta property=\"og:site_name\" content=\"Anchor Management Consulting\" \/>\n<meta property=\"article:publisher\" content=\"https:\/\/www.facebook.com\/anchormc.se\/\" \/>\n<meta property=\"article:modified_time\" content=\"2024-11-12T13:24:56+00:00\" \/>\n<meta property=\"og:image\" content=\"https:\/\/www.anchormc.se\/wp-content\/uploads\/port.jpg\" \/>\n\t<meta property=\"og:image:width\" content=\"1220\" \/>\n\t<meta property=\"og:image:height\" content=\"816\" \/>\n\t<meta property=\"og:image:type\" content=\"image\/jpeg\" \/>\n<meta name=\"twitter:label1\" content=\"Est. reading time\" \/>\n\t<meta name=\"twitter:data1\" content=\"1 minute\" \/>\n<script type=\"application\/ld+json\" class=\"yoast-schema-graph\">{\"@context\":\"https:\\\/\\\/schema.org\",\"@graph\":[{\"@type\":\"WebPage\",\"@id\":\"https:\\\/\\\/www.anchormc.se\\\/en\\\/integrity-policy\\\/\",\"url\":\"https:\\\/\\\/www.anchormc.se\\\/en\\\/integrity-policy\\\/\",\"name\":\"Integrity policy | Anchor Management Consulting\",\"isPartOf\":{\"@id\":\"https:\\\/\\\/www.anchormc.se\\\/#website\"},\"primaryImageOfPage\":{\"@id\":\"https:\\\/\\\/www.anchormc.se\\\/en\\\/integrity-policy\\\/#primaryimage\"},\"image\":{\"@id\":\"https:\\\/\\\/www.anchormc.se\\\/en\\\/integrity-policy\\\/#primaryimage\"},\"thumbnailUrl\":\"https:\\\/\\\/www.anchormc.se\\\/wp-content\\\/uploads\\\/port.jpg\",\"datePublished\":\"2023-05-15T07:07:48+00:00\",\"dateModified\":\"2024-11-12T13:24:56+00:00\",\"description\":\"You may choose to prevent this website from aggregating and analyzing the actions you take here.\",\"breadcrumb\":{\"@id\":\"https:\\\/\\\/www.anchormc.se\\\/en\\\/integrity-policy\\\/#breadcrumb\"},\"inLanguage\":\"en-US\",\"potentialAction\":[{\"@type\":\"ReadAction\",\"target\":[\"https:\\\/\\\/www.anchormc.se\\\/en\\\/integrity-policy\\\/\"]}]},{\"@type\":\"ImageObject\",\"inLanguage\":\"en-US\",\"@id\":\"https:\\\/\\\/www.anchormc.se\\\/en\\\/integrity-policy\\\/#primaryimage\",\"url\":\"https:\\\/\\\/www.anchormc.se\\\/wp-content\\\/uploads\\\/port.jpg\",\"contentUrl\":\"https:\\\/\\\/www.anchormc.se\\\/wp-content\\\/uploads\\\/port.jpg\",\"width\":1220,\"height\":816},{\"@type\":\"BreadcrumbList\",\"@id\":\"https:\\\/\\\/www.anchormc.se\\\/en\\\/integrity-policy\\\/#breadcrumb\",\"itemListElement\":[{\"@type\":\"ListItem\",\"position\":1,\"name\":\"Hem\",\"item\":\"https:\\\/\\\/www.anchormc.se\\\/en\\\/\"},{\"@type\":\"ListItem\",\"position\":2,\"name\":\"Integrity policy\"}]},{\"@type\":\"WebSite\",\"@id\":\"https:\\\/\\\/www.anchormc.se\\\/#website\",\"url\":\"https:\\\/\\\/www.anchormc.se\\\/\",\"name\":\"Anchor Management Consulting\",\"description\":\"Vi hj\u00e4lper f\u00f6retag att bli framg\u00e5ngsrika\",\"publisher\":{\"@id\":\"https:\\\/\\\/www.anchormc.se\\\/#organization\"},\"alternateName\":\"Anchor\",\"potentialAction\":[{\"@type\":\"SearchAction\",\"target\":{\"@type\":\"EntryPoint\",\"urlTemplate\":\"https:\\\/\\\/www.anchormc.se\\\/?s={search_term_string}\"},\"query-input\":{\"@type\":\"PropertyValueSpecification\",\"valueRequired\":true,\"valueName\":\"search_term_string\"}}],\"inLanguage\":\"en-US\"},{\"@type\":\"Organization\",\"@id\":\"https:\\\/\\\/www.anchormc.se\\\/#organization\",\"name\":\"Anchor Management Consulting\",\"alternateName\":\"Anchor\",\"url\":\"https:\\\/\\\/www.anchormc.se\\\/\",\"logo\":{\"@type\":\"ImageObject\",\"inLanguage\":\"en-US\",\"@id\":\"https:\\\/\\\/www.anchormc.se\\\/#\\\/schema\\\/logo\\\/image\\\/\",\"url\":\"https:\\\/\\\/www.anchormc.se\\\/wp-content\\\/uploads\\\/anchor_mark_red_495.jpg\",\"contentUrl\":\"https:\\\/\\\/www.anchormc.se\\\/wp-content\\\/uploads\\\/anchor_mark_red_495.jpg\",\"width\":495,\"height\":498,\"caption\":\"Anchor Management Consulting\"},\"image\":{\"@id\":\"https:\\\/\\\/www.anchormc.se\\\/#\\\/schema\\\/logo\\\/image\\\/\"},\"sameAs\":[\"https:\\\/\\\/www.facebook.com\\\/anchormc.se\\\/\",\"https:\\\/\\\/www.instagram.com\\\/anchor_mc\\\/\",\"https:\\\/\\\/www.linkedin.com\\\/company\\\/anchormc\\\/\"],\"description\":\"V\u00e5r aff\u00e4rsid\u00e9 \u00e4r att driva aff\u00e4rs- och verksamhetsutveckling f\u00f6r kunder som vill ligga i framkant. F\u00f6retags utmaningar \u00e4r k\u00e4rnan i v\u00e5rt erbjudande och styr utvecklingen av v\u00e5r f\u00f6rm\u00e5ga.\",\"email\":\"hello@anchormc.se\",\"telephone\":\"+46 8 698 09 00\",\"legalName\":\"Anchor Managment Consulting AB\",\"foundingDate\":\"2007-06-01\",\"numberOfEmployees\":{\"@type\":\"QuantitativeValue\",\"minValue\":\"11\",\"maxValue\":\"50\"},\"ethicsPolicy\":\"https:\\\/\\\/www.anchormc.se\\\/integritetspolicy\\\/\"}]}<\/script>\n<!-- \/ Yoast SEO Premium plugin. -->","yoast_head_json":{"title":"Integrity policy | Anchor Management Consulting","description":"You may choose to prevent this website from aggregating and analyzing the actions you take here.","robots":{"index":"index","follow":"follow","max-snippet":"max-snippet:-1","max-image-preview":"max-image-preview:large","max-video-preview":"max-video-preview:-1"},"canonical":"https:\/\/www.anchormc.se\/en\/integrity-policy\/","og_locale":"en_US","og_type":"article","og_title":"Integrity policy","og_description":"You may choose to prevent this website from aggregating and analyzing the actions you take here.","og_url":"https:\/\/www.anchormc.se\/en\/integrity-policy\/","og_site_name":"Anchor Management Consulting","article_publisher":"https:\/\/www.facebook.com\/anchormc.se\/","article_modified_time":"2024-11-12T13:24:56+00:00","og_image":[{"width":1220,"height":816,"url":"https:\/\/www.anchormc.se\/wp-content\/uploads\/port.jpg","type":"image\/jpeg"}],"twitter_misc":{"Est. reading time":"1 minute"},"schema":{"@context":"https:\/\/schema.org","@graph":[{"@type":"WebPage","@id":"https:\/\/www.anchormc.se\/en\/integrity-policy\/","url":"https:\/\/www.anchormc.se\/en\/integrity-policy\/","name":"Integrity policy | Anchor Management Consulting","isPartOf":{"@id":"https:\/\/www.anchormc.se\/#website"},"primaryImageOfPage":{"@id":"https:\/\/www.anchormc.se\/en\/integrity-policy\/#primaryimage"},"image":{"@id":"https:\/\/www.anchormc.se\/en\/integrity-policy\/#primaryimage"},"thumbnailUrl":"https:\/\/www.anchormc.se\/wp-content\/uploads\/port.jpg","datePublished":"2023-05-15T07:07:48+00:00","dateModified":"2024-11-12T13:24:56+00:00","description":"You may choose to prevent this website from aggregating and analyzing the actions you take here.","breadcrumb":{"@id":"https:\/\/www.anchormc.se\/en\/integrity-policy\/#breadcrumb"},"inLanguage":"en-US","potentialAction":[{"@type":"ReadAction","target":["https:\/\/www.anchormc.se\/en\/integrity-policy\/"]}]},{"@type":"ImageObject","inLanguage":"en-US","@id":"https:\/\/www.anchormc.se\/en\/integrity-policy\/#primaryimage","url":"https:\/\/www.anchormc.se\/wp-content\/uploads\/port.jpg","contentUrl":"https:\/\/www.anchormc.se\/wp-content\/uploads\/port.jpg","width":1220,"height":816},{"@type":"BreadcrumbList","@id":"https:\/\/www.anchormc.se\/en\/integrity-policy\/#breadcrumb","itemListElement":[{"@type":"ListItem","position":1,"name":"Hem","item":"https:\/\/www.anchormc.se\/en\/"},{"@type":"ListItem","position":2,"name":"Integrity policy"}]},{"@type":"WebSite","@id":"https:\/\/www.anchormc.se\/#website","url":"https:\/\/www.anchormc.se\/","name":"Anchor Management Consulting","description":"Vi hj\u00e4lper f\u00f6retag att bli framg\u00e5ngsrika","publisher":{"@id":"https:\/\/www.anchormc.se\/#organization"},"alternateName":"Anchor","potentialAction":[{"@type":"SearchAction","target":{"@type":"EntryPoint","urlTemplate":"https:\/\/www.anchormc.se\/?s={search_term_string}"},"query-input":{"@type":"PropertyValueSpecification","valueRequired":true,"valueName":"search_term_string"}}],"inLanguage":"en-US"},{"@type":"Organization","@id":"https:\/\/www.anchormc.se\/#organization","name":"Anchor Management Consulting","alternateName":"Anchor","url":"https:\/\/www.anchormc.se\/","logo":{"@type":"ImageObject","inLanguage":"en-US","@id":"https:\/\/www.anchormc.se\/#\/schema\/logo\/image\/","url":"https:\/\/www.anchormc.se\/wp-content\/uploads\/anchor_mark_red_495.jpg","contentUrl":"https:\/\/www.anchormc.se\/wp-content\/uploads\/anchor_mark_red_495.jpg","width":495,"height":498,"caption":"Anchor Management Consulting"},"image":{"@id":"https:\/\/www.anchormc.se\/#\/schema\/logo\/image\/"},"sameAs":["https:\/\/www.facebook.com\/anchormc.se\/","https:\/\/www.instagram.com\/anchor_mc\/","https:\/\/www.linkedin.com\/company\/anchormc\/"],"description":"V\u00e5r aff\u00e4rsid\u00e9 \u00e4r att driva aff\u00e4rs- och verksamhetsutveckling f\u00f6r kunder som vill ligga i framkant. F\u00f6retags utmaningar \u00e4r k\u00e4rnan i v\u00e5rt erbjudande och styr utvecklingen av v\u00e5r f\u00f6rm\u00e5ga.","email":"hello@anchormc.se","telephone":"+46 8 698 09 00","legalName":"Anchor Managment Consulting AB","foundingDate":"2007-06-01","numberOfEmployees":{"@type":"QuantitativeValue","minValue":"11","maxValue":"50"},"ethicsPolicy":"https:\/\/www.anchormc.se\/integritetspolicy\/"}]}},"_links":{"self":[{"href":"https:\/\/www.anchormc.se\/en\/wp-json\/wp\/v2\/pages\/25039","targetHints":{"allow":["GET"]}}],"collection":[{"href":"https:\/\/www.anchormc.se\/en\/wp-json\/wp\/v2\/pages"}],"about":[{"href":"https:\/\/www.anchormc.se\/en\/wp-json\/wp\/v2\/types\/page"}],"author":[{"embeddable":true,"href":"https:\/\/www.anchormc.se\/en\/wp-json\/wp\/v2\/users\/26"}],"replies":[{"embeddable":true,"href":"https:\/\/www.anchormc.se\/en\/wp-json\/wp\/v2\/comments?post=25039"}],"version-history":[{"count":23,"href":"https:\/\/www.anchormc.se\/en\/wp-json\/wp\/v2\/pages\/25039\/revisions"}],"predecessor-version":[{"id":27701,"href":"https:\/\/www.anchormc.se\/en\/wp-json\/wp\/v2\/pages\/25039\/revisions\/27701"}],"wp:featuredmedia":[{"embeddable":true,"href":"https:\/\/www.anchormc.se\/en\/wp-json\/wp\/v2\/media\/22250"}],"wp:attachment":[{"href":"https:\/\/www.anchormc.se\/en\/wp-json\/wp\/v2\/media?parent=25039"}],"curies":[{"name":"wp","href":"https:\/\/api.w.org\/{rel}","templated":true}]}}